{"id":2837,"date":"2022-05-06T21:23:41","date_gmt":"2022-05-06T19:23:41","guid":{"rendered":"https:\/\/www.abbyroo.eu\/data-protection-conditions\/"},"modified":"2022-08-23T11:09:26","modified_gmt":"2022-08-23T09:09:26","slug":"data-protection-conditions","status":"publish","type":"page","link":"https:\/\/www.abbyroo.eu\/en\/data-protection-conditions\/","title":{"rendered":"Data protection conditions"},"content":{"rendered":"<div class=\"wpb-content-wrapper\">[vc_row][vc_column][vc_column_text]\n&#13;\n<h2 class=\"wp-block-heading\">Who we are<\/h2>&#13;\n<p>\nMeie veebisaidi aadress on https:\/\/www.abbyroo.eu.\r\n&#13;\n<h2 class=\"wp-block-heading\">Comments<\/h2>&#13;\n<p>\nKui k\u00fclastajad j\u00e4tavad saidile kommentaare, salvestame kommentaarivormi andmed ning ka k\u00fclastaja IP-aadressi ja veebilehitseja tunnuse, et paremini tuvastada r\u00e4mpsu.\r\n<p>\nSinu e-postiaadressi p\u00f5hjal luuakse anon\u00fc\u00fcmne tekstijada (r\u00e4si), mida v\u00f5idakse edastada Gravatari teenusele, et kontrollida selle kasutamist. Gravatari andmekaitsetingimused leiad siit: https:\/\/automattic.com\/privacy\/. Peale kommentaari heakskiitmist on sinu profiilipilt kommentaari juures avalikult n\u00e4htav.\r\n<p>\nKui laadid veebilehele \u00fcles pilte, v\u00e4ldi asukohainfo (EXIF GPS) salvestamist piltidesse. Veebilehe k\u00fclastajad v\u00f5ivad pildid alla laadida ja saada nii k\u00e4tte kogu neis sisalduva asukohainfo.\r\n&#13;\n<h2 class=\"wp-block-heading\">Cookies<\/h2>&#13;\n<p>\nKui lisad saidile kommentaari, v\u00f5id valida enda nime, e-postiaadressi ja veebilehe info salvestamise k\u00fcpsistena. Need on m\u00f5eldud mugavusvalikuna, kunas p\u00e4\u00e4sed j\u00e4rgmise kommentaari juures selle info uuesti sisestamisest. Need k\u00fcpsised s\u00e4ilivad \u00fche aasta.\r\n<p>\nSisselogimislehe k\u00fclastamisel seame paika ajutise k\u00fcpsise, mis tuvastab, kas su veebilehitseja lubab k\u00fcpsiseid v\u00f5i ei. See k\u00fcpsis ei sisalda isikuandmeid ning v\u00f5etakse veebilehitseja sulgemisel maha.\r\n<p>\nKui logid sisse, kasutame mitut k\u00fcpsist sisselogimisinfo ja ekraanivalikute salvestamiseks. Sisselogimisk\u00fcpsised s\u00e4ilivad kaks p\u00e4eva, ekraanivalikute omad \u00fche aasta. Kui valid &#8220;M\u00e4leta mind&#8221;, j\u00e4etakse sisselogimine meelde kaheks n\u00e4dalaks. Kontolt v\u00e4lja logides sisselogimisk\u00fcpsised eemaldatakse.\r\n<p>\nArtikli muutmisel v\u00f5i avaldamisel salvestatakse sinu veebilehitsejasse uus k\u00fcpsis. See ei sisalda isikuandmeid ning n\u00e4itab vaid muudetud postituse identifikaatorit. See aegub 1 p\u00e4eva p\u00e4rast.\r\n&#13;\n<h2 class=\"wp-block-heading\">Added content from other websites<\/h2>&#13;\n<p>\nSelle veebisaidi artiklites v\u00f5ib olla lisatud sisu muudest allikatest (videod, pildid, artiklid jne). Need k\u00e4ituvad samamoodi nagu nende algse p\u00e4ritolulehe k\u00fclastamisel.\r\n<p>\nSee veebileht v\u00f5ib koguda sinu kohta infot, kasutada k\u00fcpsiseid, lisada kolmanda osapoole j\u00e4lgimismehhanisme ja neid sinu tegevuse j\u00e4lgimiseks kasutada, kui oled sinna kasutajakonto loonud ja sisse loginud.\r\n&#13;\n<h2 class=\"wp-block-heading\">Who we share data with<\/h2>&#13;\n<p>\nKui taotlete parooli l\u00e4htestamist, lisatakse teie IP-aadress l\u00e4htestamismeilile.\r\n&#13;\n<h2 class=\"wp-block-heading\">How long we keep the data<\/h2>&#13;\n<p>\nKommentaare ja nende metaandmeid s\u00e4ilitatakse t\u00e4htajatult, et v\u00f5imaldada j\u00e4rgnevate kommentaaride automaatset tuvastamist ja heakskiitu ilma neid modereerimisele saatmata.\r\n<p>\nVeebisaidil registreerunud kasutajate kohta s\u00e4ilitame infot, mida nad enda kasutajaprofiili sisestavad. K\u00f5ik kasutajad saavad enda infot igal ajal n\u00e4ha, muuta ja kustuda (erandiks on kasutajanimi, mida ei saa muuta). Seda infot saavad n\u00e4ha ja muuta ka veebisaidi haldurid.\r\n&#13;\n<h2 class=\"wp-block-heading\">What are the rights to your data<\/h2>&#13;\n<p>\nKui sul on sellel veebisaidil kasutajakonto v\u00f5i oled kirjutanud kommentaare, v\u00f5id taotleda faili meie poolt enda kohta k\u00e4ivate isikuandmetega, sh enda poolt sisestatud info. V\u00f5id ka taotleda k\u00f5igi enda kohta k\u00e4ivate andmete kustutamist. See ei puuduta andmeid, mida oleme kohustatud s\u00e4ilitama halduse, seaduste v\u00f5i turvalisuse vajadustest l\u00e4htuvalt.\r\n&#13;\n<h2 class=\"wp-block-heading\">Where we send the data<\/h2>&#13;\n<p>\nK\u00fclastajate kommentaare saab kontrollida automaatse r\u00e4mpsufiltri abil.\r\n<p>&nbsp;<\/p>\n[\/vc_column_text][\/vc_column][\/vc_row]\n<\/div>","protected":false},"excerpt":{"rendered":"<p>[vc_row][vc_column][vc_column_text] &#13; Who we are &#13; Meie veebisaidi aadress on https:\/\/www.abbyroo.eu. &#13; Comments &#13; Kui k\u00fclastajad j\u00e4tavad saidile kommentaare, salvestame kommentaarivormi andmed ning ka k\u00fclastaja IP-aadressi ja veebilehitseja tunnuse, et paremini tuvastada r\u00e4mpsu. Sinu e-postiaadressi p\u00f5hjal luuakse anon\u00fc\u00fcmne tekstijada (r\u00e4si), mida v\u00f5idakse edastada Gravatari teenusele, et kontrollida selle kasutamist. Gravatari andmekaitsetingimused leiad siit: https:\/\/automattic.com\/privacy\/. Peale [&hellip;]<\/p>\n","protected":false},"author":1,"featured_media":0,"parent":0,"menu_order":0,"comment_status":"closed","ping_status":"closed","template":"","meta":{"footnotes":""},"class_list":["post-2837","page","type-page","status-publish","hentry"],"_links":{"self":[{"href":"https:\/\/www.abbyroo.eu\/en\/wp-json\/wp\/v2\/pages\/2837"}],"collection":[{"href":"https:\/\/www.abbyroo.eu\/en\/wp-json\/wp\/v2\/pages"}],"about":[{"href":"https:\/\/www.abbyroo.eu\/en\/wp-json\/wp\/v2\/types\/page"}],"author":[{"embeddable":true,"href":"https:\/\/www.abbyroo.eu\/en\/wp-json\/wp\/v2\/users\/1"}],"replies":[{"embeddable":true,"href":"https:\/\/www.abbyroo.eu\/en\/wp-json\/wp\/v2\/comments?post=2837"}],"version-history":[{"count":3,"href":"https:\/\/www.abbyroo.eu\/en\/wp-json\/wp\/v2\/pages\/2837\/revisions"}],"predecessor-version":[{"id":2851,"href":"https:\/\/www.abbyroo.eu\/en\/wp-json\/wp\/v2\/pages\/2837\/revisions\/2851"}],"wp:attachment":[{"href":"https:\/\/www.abbyroo.eu\/en\/wp-json\/wp\/v2\/media?parent=2837"}],"curies":[{"name":"wp","href":"https:\/\/api.w.org\/{rel}","templated":true}]}}