{"id":2839,"date":"2017-01-18T09:47:33","date_gmt":"2017-01-18T07:47:33","guid":{"rendered":"https:\/\/www.abbyroo.eu\/about-us\/"},"modified":"2022-09-15T11:41:42","modified_gmt":"2022-09-15T09:41:42","slug":"about-us","status":"publish","type":"page","link":"https:\/\/www.abbyroo.eu\/en\/about-us\/","title":{"rendered":"About us"},"content":{"rendered":"<div class=\"wpb-content-wrapper\">[vc_row css=&#8221;.vc_custom_1484897435098{padding-top: 31px !important;padding-bottom: 84px !important;}&#8221;][vc_column css_animation=&#8221;fadeInLeft&#8221; width=&#8221;1\/2&#8243; css=&#8221;.vc_custom_1484734943085{padding-top: 35px !important;padding-right: 45px !important;}&#8221;][vc_column_text]<img loading=\"lazy\" decoding=\"async\" class=\"alignnone size-medium wp-image-2090\" src=\"https:\/\/www.abbyroo.eu\/wp-content\/uploads\/logo-Arumae-Andresson-Law-offices.png\" alt=\"\" width=\"300\" height=\"111\" \/>[\/vc_column_text][vc_empty_space height=&#8221;24px&#8221;][gt3_custom_text text_color=&#8221;#3f4953&#8243; font_size=&#8221;36&#8243; line_height=&#8221;160&#8243; use_theme_fonts=&#8221;&#8221; google_fonts_text=&#8221;font_family:Roboto%3A100%2C100italic%2C300%2C300italic%2Cregular%2Citalic%2C500%2C500italic%2C700%2C700italic%2C900%2C900italic|font_style:100%20light%20regular%3A100%3Anormal&#8221;]We offer the best possible legal service &#8211; your legal problem is a challenge for us.[\/gt3_custom_text][vc_empty_space height=&#8221;15px&#8221;][vc_column_text]Formally,\u00a0<strong>Arum\u00e4e &amp; Andresson Law Offices LLC<\/strong>\u00a0is like a new player in the market, but in essence it is one of the oldest legal practices operating in Estonia. The first legal entity to provide legal services, AS Concordia, was established in 1990. From there, legal services continued under the name of the law firm Concordia from 1994. There have been changes of name or the establishment of new companies in the future as well: Advokaadib\u00fcroo Landwell O\u00dc, the new Advokaadib\u00fcroo Concordia O\u00dc (still operating under the guidance of good colleagues), Advokaidib\u00fcroo Andresson Consulting Network O\u00dc and Arum\u00e4e Advokaadib\u00fcrood O\u00dc. In connection with the retirement of attorney-at-law Urmas Arum\u00e4e in January 2021, the activities and office of the law firm were reduced and we returned to the \u201croots\u201d &#8211; we restarted the law firm with the business name <strong>Arum\u00e4e Law Offices LLC<\/strong>.<\/p>\n<p>Due to the difficult political and economic situation, we decided to combine our different family businesses to achieve better efficiency, and we will continue with a common business name from 01.09.2022: <strong><u>law offices Arum\u00e4e &amp; Andresson \u00d5igusb\u00fcrood O\u00dc<\/u><\/strong>.<\/p>\n<p>Thus, we can say without exaggeration that <strong>we have been in the legal services market for more than 30 years, ie since 1990.<\/strong>.<\/p>\n<p>The firm has been staffed by lawyers, sworn advocates, young lawyers with modern knowledge and assistant sworn advocates side by side for decades. For decades, the firm&#8217;s slogan has been\u00a0<strong>one team, one goal, which signifies the trusting cooperation of the client and the lawyer in solving the client&#8217;s legal problem.<\/strong>.<\/p>\n<p><strong>We offer all clients legal services based on local experience and competence. We are delicate, reliable and committed to achieving results. Put Your hopes on us!<\/strong>[\/vc_column_text][\/vc_column][vc_column width=&#8221;1\/2&#8243; css=&#8221;.vc_custom_1484650717009{padding-top: 20px !important;}&#8221;][vc_single_image image=&#8221;1932&#8243; img_size=&#8221;full&#8221; css_animation=&#8221;fadeInRight&#8221;][\/vc_column][\/vc_row][vc_row full_width=&#8221;stretch_row&#8221; css=&#8221;.vc_custom_1484736221373{padding-top: 55px !important;padding-bottom: 45px !important;}&#8221;][vc_column css_animation=&#8221;bottom-to-top&#8221; css=&#8221;.vc_custom_1489408072809{padding-top: 35px !important;}&#8221;][vc_row_inner][vc_column_inner width=&#8221;2\/3&#8243;][vc_column_text]\n<h2>Our strategy<\/h2>\n[\/vc_column_text][vc_empty_space height=&#8221;25px&#8221;][gt3_custom_text text_color=&#8221;#27323d&#8221; font_size=&#8221;16&#8243; line_height=&#8221;187&#8243;]<span>Our big picture of the distant future tells us that our customers are satisfied and very satisfied with our professional activities. Without it, there is no point in setting bigger goals, and everything else serves to achieve that goal. We want to be present in the largest centers of attraction in Estonia and satisfy the needs of clients for high-quality legal services and conciliation services where clients&#8217; legal problems and conciliation needs arise. The latter does not preclude the extension of the geography of operations beyond the border. The real needs of our customers guide our strategy and, consequently, our tactical efforts.<\/span>[\/gt3_custom_text][vc_empty_space height=&#8221;40px&#8221;][\/vc_column_inner][vc_column_inner width=&#8221;1\/3&#8243;][\/vc_column_inner][\/vc_row_inner][\/vc_column][\/vc_row][vc_row full_width=&#8221;stretch_row&#8221; css_animation=&#8221;bottom-to-top&#8221; css=&#8221;.vc_custom_1536089544962{padding-top: 69px !important;padding-bottom: 60px !important;background-image: url(https:\/\/www.abbyroo.eu\/demo\/wp-content\/uploads\/2017\/01\/practice-4.jpg?id=389) !important;background-position: center !important;background-repeat: no-repeat !important;background-size: cover !important;}&#8221;][vc_column width=&#8221;1\/12&#8243; offset=&#8221;vc_hidden-xs&#8221;][\/vc_column][vc_column width=&#8221;10\/12&#8243;][vc_column_text]\n<h2 style=\"text-align: center;\"><span style=\"color: #ffffff;\">Satisfied customer feedback<\/span><\/h2>\n[\/vc_column_text][vc_empty_space height=&#8221;44px&#8221;][vc_separator color=&#8221;white&#8221; el_width=&#8221;40px&#8221;][vc_empty_space height=&#8221;44px&#8221;][gt3_testimonials auto_play_time=&#8221;7000&#8243; testimonilas_text_size=&#8221;28&#8243; text_color=&#8221;#ffffff&#8221; testimonilas_author_size=&#8221;20&#8243; sign_color=&#8221;#ffffff&#8221; img_width=&#8221;56&#8243; img_height=&#8221;40&#8243;][gt3_testimonial_item tstm_author=&#8221;Rein Link &#8211; Almelo O\u00dc&#8221; select_rate=&#8221;none&#8221;]<span style=\"font-weight: 600; color: #ffffff;\" class=\"gt3_font-weight\">&#8220;They don&#8217;t sell air!&#8221;<\/span>[\/gt3_testimonial_item][gt3_testimonial_item tstm_author=&#8221;Tiit Soosaar, agricultural entrepreneur&#8221; select_rate=&#8221;none&#8221;]<span class=\"gt3_font-weight\"><i><span lang=\"EN-GB\">\u201c<\/span><\/i><span lang=\"EN-GB\"><i>Value for money or the best service you can get for your money!\u201d<\/i><\/span><\/span>[\/gt3_testimonial_item][gt3_testimonial_item tstm_author=&#8221;A prominent family entrepreneur who wants to remain anonymous&#8221; select_rate=&#8221;none&#8221;]<i><span lang=\"EN-GB\">\u201cIf anyone in Estonia knows anything about family business and the service of a&#8221;family lawyer&#8221; and is able to put it into practice, then it is Dr. Urmas Arum\u00e4e. We got the macro picture clear and the micro problems were solved &#8211; this experience of cooperation was worth every penny! \u201d<\/span><\/i>[\/gt3_testimonial_item][gt3_testimonial_item tstm_author=&#8221;Marion ja Mihhail Maniv\u010duk, fighters for the fate of one child&#8221; select_rate=&#8221;none&#8221;]<i><span lang=\"EN-GB\">\u201cWe were quite disappointed with the legal system of our country and the arbitrariness of the officials, until our legal problem was taken up by the family law experts of this office. Although disappointment is not erased from memory overnight, it is again lit at the end of the tunnel and is not a train lantern. \u201d<\/span><\/i>[\/gt3_testimonial_item][\/gt3_testimonials][\/vc_column][vc_column width=&#8221;1\/12&#8243; offset=&#8221;vc_hidden-xs&#8221;][\/vc_column][\/vc_row][vc_row full_width=&#8221;stretch_row_content&#8221; equal_height=&#8221;yes&#8221; content_placement=&#8221;middle&#8221; css=&#8221;.vc_custom_1484731748576{margin-bottom: -40px !important;}&#8221;][vc_column css_animation=&#8221;fadeInUp&#8221; width=&#8221;1\/2&#8243; css=&#8221;.vc_custom_1484664272677{padding-top: 95px !important;padding-right: 10% !important;padding-left: 10% !important;background-color: #255379 !important;}&#8221;][vc_row_inner][vc_column_inner width=&#8221;1\/4&#8243; offset=&#8221;vc_hidden-md vc_hidden-sm vc_hidden-xs&#8221;][\/vc_column_inner][vc_column_inner offset=&#8221;vc_col-lg-9 vc_col-md-12&#8243;][vc_column_text]\n<h2><span style=\"color: #ffffff;\">Free initial brief assessment<\/span><\/h2>\n[\/vc_column_text][vc_empty_space height=&#8221;25px&#8221;][gt3_custom_text text_color=&#8221;#ffffff&#8221; font_size=&#8221;14&#8243;]For an initial assessment, please contact us by filling out the form below.[\/gt3_custom_text][vc_empty_space height=&#8221;25px&#8221;][gt3_button button_title=&#8221;Get in touch&#8221; button_alignment=&#8221;left&#8221; link=&#8221;url:https%3A%2F%2Fwww.abbyroo.eu%2Fkontakt%2F|title:V%C3%B5tke%20%C3%BChendust&#8221;][\/vc_column_inner][\/vc_row_inner][\/vc_column][vc_column css_animation=&#8221;fadeInDown&#8221; width=&#8221;1\/2&#8243; css=&#8221;.vc_custom_1521452693772{padding-top: 0px !important;padding-right: 10% !important;padding-bottom: 0px !important;padding-left: 10% !important;background-image: url(https:\/\/livewp.site\/wp\/md\/wizelaw\/wp-content\/uploads\/sites\/11\/2017\/01\/bg-2.jpg?id=359) !important;background-position: center !important;background-repeat: no-repeat !important;background-size: cover !important;}&#8221;][vc_row_inner][vc_column_inner offset=&#8221;vc_col-lg-10&#8243; css=&#8221;.vc_custom_1485420993449{padding-top: 50px !important;padding-bottom: 50px !important;}&#8221;][vc_empty_space height=&#8221;30px&#8221;][gt3_custom_text text_color=&#8221;#293642&#8243; font_size=&#8221;18&#8243; use_theme_fonts=&#8221;&#8221; google_fonts_text=&#8221;font_family:Roboto%3A100%2C100italic%2C300%2C300italic%2Cregular%2Citalic%2C500%2C500italic%2C700%2C700italic%2C900%2C900italic|font_style:300%20light%20regular%3A300%3Anormal&#8221;]\n<p style=\"text-align: center;\">Do you want to talk to us?<\/p>\n[\/gt3_custom_text][vc_empty_space height=&#8221;5px&#8221;][gt3_custom_text text_color=&#8221;#293642&#8243; font_size=&#8221;36&#8243; line_height=&#8221;110&#8243; use_theme_fonts=&#8221;&#8221; google_fonts_text=&#8221;font_family:Roboto%3A100%2C100italic%2C300%2C300italic%2Cregular%2Citalic%2C500%2C500italic%2C700%2C700italic%2C900%2C900italic|font_style:700%20bold%20regular%3A700%3Anormal&#8221;]\n<h2 style=\"text-align: center;\">Call and we will find a solution<\/h2>\n[\/gt3_custom_text][vc_empty_space height=&#8221;30px&#8221;][vc_column_text][\/vc_column_text][vc_empty_space height=&#8221;30px&#8221;][gt3_custom_text text_color=&#8221;#c24747&#8243; font_size=&#8221;60&#8243; line_height=&#8221;110&#8243; use_theme_fonts=&#8221;&#8221; google_fonts_text=&#8221;font_family:Roboto%3A100%2C100italic%2C300%2C300italic%2Cregular%2Citalic%2C500%2C500italic%2C700%2C700italic%2C900%2C900italic|font_style:100%20light%20regular%3A100%3Anormal&#8221; responsive_font=&#8221;true&#8221; font_size_tablet=&#8221;40&#8243;]\n<p style=\"text-align: center;\">+372 5151 451<\/p>\n[\/gt3_custom_text][vc_empty_space height=&#8221;50px&#8221;][\/vc_column_inner][vc_column_inner width=&#8221;1\/6&#8243; offset=&#8221;vc_hidden-md vc_hidden-sm vc_hidden-xs&#8221;][\/vc_column_inner][\/vc_row_inner][\/vc_column][\/vc_row]\n<\/div>","protected":false},"excerpt":{"rendered":"<p>[vc_row css=&#8221;.vc_custom_1484897435098{padding-top: 31px !important;padding-bottom: 84px !important;}&#8221;][vc_column css_animation=&#8221;fadeInLeft&#8221; width=&#8221;1\/2&#8243; css=&#8221;.vc_custom_1484734943085{padding-top: 35px !important;padding-right: 45px !important;}&#8221;][vc_column_text][\/vc_column_text][vc_empty_space height=&#8221;24px&#8221;][gt3_custom_text text_color=&#8221;#3f4953&#8243; font_size=&#8221;36&#8243; line_height=&#8221;160&#8243; use_theme_fonts=&#8221;&#8221; google_fonts_text=&#8221;font_family:Roboto%3A100%2C100italic%2C300%2C300italic%2Cregular%2Citalic%2C500%2C500italic%2C700%2C700italic%2C900%2C900italic|font_style:100%20light%20regular%3A100%3Anormal&#8221;]We offer the best possible legal service &#8211; your legal problem is a challenge for us.[\/gt3_custom_text][vc_empty_space height=&#8221;15px&#8221;][vc_column_text]Formally,\u00a0Arum\u00e4e &amp; Andresson Law Offices LLC\u00a0is like a new player in the market, but in essence it is one of the [&hellip;]<\/p>\n","protected":false},"author":1,"featured_media":0,"parent":0,"menu_order":0,"comment_status":"closed","ping_status":"closed","template":"","meta":{"footnotes":""},"class_list":["post-2839","page","type-page","status-publish","hentry"],"_links":{"self":[{"href":"https:\/\/www.abbyroo.eu\/en\/wp-json\/wp\/v2\/pages\/2839"}],"collection":[{"href":"https:\/\/www.abbyroo.eu\/en\/wp-json\/wp\/v2\/pages"}],"about":[{"href":"https:\/\/www.abbyroo.eu\/en\/wp-json\/wp\/v2\/types\/page"}],"author":[{"embeddable":true,"href":"https:\/\/www.abbyroo.eu\/en\/wp-json\/wp\/v2\/users\/1"}],"replies":[{"embeddable":true,"href":"https:\/\/www.abbyroo.eu\/en\/wp-json\/wp\/v2\/comments?post=2839"}],"version-history":[{"count":9,"href":"https:\/\/www.abbyroo.eu\/en\/wp-json\/wp\/v2\/pages\/2839\/revisions"}],"predecessor-version":[{"id":3098,"href":"https:\/\/www.abbyroo.eu\/en\/wp-json\/wp\/v2\/pages\/2839\/revisions\/3098"}],"wp:attachment":[{"href":"https:\/\/www.abbyroo.eu\/en\/wp-json\/wp\/v2\/media?parent=2839"}],"curies":[{"name":"wp","href":"https:\/\/api.w.org\/{rel}","templated":true}]}}